{"id":56,"date":"2014-10-16T15:47:26","date_gmt":"2014-10-16T13:47:26","guid":{"rendered":"http:\/\/olivia-vermietung.de\/?page_id=56"},"modified":"2014-10-18T11:16:44","modified_gmt":"2014-10-18T09:16:44","slug":"herzlich-willkommen-auf-der-internetseite-von-olivia-noe","status":"publish","type":"page","link":"https:\/\/olivia-vermietung.de\/","title":{"rendered":"Herzlich Willkommen"},"content":{"rendered":"<p><span style=\"font-size: medium;\">auf der Internetseite von Olivia Noe,<\/span><\/p>\n<p><span style=\"font-size: medium;\">meine Ferienwohnung ist ruhig und g\u00fcnstig gelegen zwischen Aschaffenburg, Frankfurt\/M und W\u00fcrzburg. Die Anfahrtszeit zur Autobahn A3 betr\u00e4gt ca. 7-10min. Hinter dem Haus befindet sich ein Kinderspielplatz, es gibt viele sch\u00f6ne Wanderwege und Ausflugsziele im Spessart \u2013 Rain-Main-Gebiet. Die Ferienwohnung kann sowohl von Familien als auch Wanderarbeitern genutzt werden. In der nahen Umgebung finden Sie zahlreiche Gastst\u00e4tten f\u00fcr ihr abendliches Wohl.<\/span><\/p>\n<p><span style=\"font-size: medium;\">F\u00fcr Raucher ist am Seiteneingang einen Raucherbereich vorhanden. Ich freue mich \u00fcber Ihre Anfrage oder Buchung per E-Mail oder per Telefon.<\/span><\/p>\n<p><span style=\"font-size: medium;\">Ihre Olivia<\/span><\/p>\n","protected":false},"excerpt":{"rendered":"<p>auf der Internetseite von Olivia Noe, meine Ferienwohnung ist ruhig und g\u00fcnstig gelegen zwischen Aschaffenburg, Frankfurt\/M und W\u00fcrzburg. Die Anfahrtszeit zur Autobahn A3 betr\u00e4gt ca. 7-10min. Hinter dem Haus befindet sich ein Kinderspielplatz, es gibt viele sch\u00f6ne Wanderwege und Ausflugsziele im Spessart \u2013 Rain-Main-Gebiet. Die Ferienwohnung kann sowohl von Familien als auch Wanderarbeitern genutzt werden. [&hellip;]<\/p>\n","protected":false},"author":1,"featured_media":0,"parent":0,"menu_order":0,"comment_status":"closed","ping_status":"closed","template":"page-full-width.php","meta":[],"_links":{"self":[{"href":"https:\/\/olivia-vermietung.de\/index.php?rest_route=\/wp\/v2\/pages\/56"}],"collection":[{"href":"https:\/\/olivia-vermietung.de\/index.php?rest_route=\/wp\/v2\/pages"}],"about":[{"href":"https:\/\/olivia-vermietung.de\/index.php?rest_route=\/wp\/v2\/types\/page"}],"author":[{"embeddable":true,"href":"https:\/\/olivia-vermietung.de\/index.php?rest_route=\/wp\/v2\/users\/1"}],"replies":[{"embeddable":true,"href":"https:\/\/olivia-vermietung.de\/index.php?rest_route=%2Fwp%2Fv2%2Fcomments&post=56"}],"version-history":[{"count":14,"href":"https:\/\/olivia-vermietung.de\/index.php?rest_route=\/wp\/v2\/pages\/56\/revisions"}],"predecessor-version":[{"id":137,"href":"https:\/\/olivia-vermietung.de\/index.php?rest_route=\/wp\/v2\/pages\/56\/revisions\/137"}],"wp:attachment":[{"href":"https:\/\/olivia-vermietung.de\/index.php?rest_route=%2Fwp%2Fv2%2Fmedia&parent=56"}],"curies":[{"name":"wp","href":"https:\/\/api.w.org\/{rel}","templated":true}]}}